{"id":4530,"date":"2021-10-01T14:56:51","date_gmt":"2021-10-01T13:56:51","guid":{"rendered":"https:\/\/playerx.qodeinteractive.com\/elementor\/?page_id=4530"},"modified":"2023-05-29T23:12:04","modified_gmt":"2023-05-29T21:12:04","slug":"faq","status":"publish","type":"page","link":"https:\/\/lasertagsplit.com\/en\/faq\/","title":{"rendered":"FAQ"},"content":{"rendered":"<div data-elementor-type=\"wp-page\" data-elementor-id=\"4530\" class=\"elementor elementor-4530\">\n\t\t\t\t\t\t\t\t\t<section class=\"elementor-section elementor-top-section elementor-element elementor-element-1001fe1 elementor-section-full_width edgtf-elementor-row-grid-section elementor-section-height-default elementor-section-height-default edgtf-parallax-row-no edgtf-row-with-shadow-disabled edgtf-content-aligment-left\" data-id=\"1001fe1\" data-element_type=\"section\">\n\t\t\t\t\t\t<div class=\"elementor-container elementor-column-gap-default\">\n\t\t\t\t\t<div class=\"elementor-column elementor-col-100 elementor-top-column elementor-element elementor-element-e650197\" data-id=\"e650197\" data-element_type=\"column\">\n\t\t\t<div class=\"elementor-widget-wrap elementor-element-populated\">\n\t\t\t\t\t\t\t\t<div class=\"elementor-element elementor-element-ffc4a61 elementor-widget elementor-widget-edgtf_accordion\" data-id=\"ffc4a61\" data-element_type=\"widget\" data-widget_type=\"edgtf_accordion.default\">\n\t\t\t\t<div class=\"elementor-widget-container\">\n\t\t\t\n\t\t<div class=\"edgtf-accordion-holder edgtf-ac-default  edgtf-accordion edgtf-ac-simple  clearfix\">\n\t\t\t<p class=\"edgtf-accordion-title\">\n\t<span class=\"edgtf-tab-title\">WHAT IS LASER TAG?<\/span>\n    <span class=\"edgtf-accordion-mark\">\n\t\t<span class=\"edgtf_icon_plus icon_plus\"><\/span>\n\t<\/span>\n<\/p>\n<div class=\"edgtf-accordion-content\">\n\t<div class=\"edgtf-accordion-content-inner\">\n\t\t<p>Laser tag is similar to paintball and airsoft, the biggest difference between Laser Tag and other sports is that Laser Tag is safe and clean. You'll never need to wear safety gear because players don't shoot colored balls; Instead, Laser Tag uses completely safe laser beams that will never harm anyone, and the player registers the hit as a vibration on the vest with accompanying sound effects.<\/p>\t<\/div>\n<\/div><p class=\"edgtf-accordion-title\">\n\t<span class=\"edgtf-tab-title\">HOW TO PLAY LASER TAG?<\/span>\n    <span class=\"edgtf-accordion-mark\">\n\t\t<span class=\"edgtf_icon_plus icon_plus\"><\/span>\n\t<\/span>\n<\/p>\n<div class=\"edgtf-accordion-content\">\n\t<div class=\"edgtf-accordion-content-inner\">\n\t\t<p>You can choose between team and individual mode of play (everyone against everyone). You choose the type of game in agreement with other players, and see all game options on the <a href=\"https:\/\/lasertagsplit.com\/en\/#games\">link<\/a>.<\/p>\t<\/div>\n<\/div><p class=\"edgtf-accordion-title\">\n\t<span class=\"edgtf-tab-title\">WHAT TO BRING AND HOW TO DRESS?<\/span>\n    <span class=\"edgtf-accordion-mark\">\n\t\t<span class=\"edgtf_icon_plus icon_plus\"><\/span>\n\t<\/span>\n<\/p>\n<div class=\"edgtf-accordion-content\">\n\t<div class=\"edgtf-accordion-content-inner\">\n\t\t<p>We will give you the equipment for the game, so you don't need anything! We advise you to wear something comfortable so that you can move through the labyrinth as easily and comfortably as possible.<\/p>\t<\/div>\n<\/div><p class=\"edgtf-accordion-title\">\n\t<span class=\"edgtf-tab-title\">DO I NEED TO MAKE A RESERVATION?<\/span>\n    <span class=\"edgtf-accordion-mark\">\n\t\t<span class=\"edgtf_icon_plus icon_plus\"><\/span>\n\t<\/span>\n<\/p>\n<div class=\"edgtf-accordion-content\">\n\t<div class=\"edgtf-accordion-content-inner\">\n\t\t<p>YES.\u00a0<br \/>To avoid situations where you arrive and cannot play because the arena is occupied, please let us know about your arrival.<\/p>\t<\/div>\n<\/div><p class=\"edgtf-accordion-title\">\n\t<span class=\"edgtf-tab-title\">HOW LONG DOES ONE GAME LAST AND WHAT IS THE PRICE?<\/span>\n    <span class=\"edgtf-accordion-mark\">\n\t\t<span class=\"edgtf_icon_plus icon_plus\"><\/span>\n\t<\/span>\n<\/p>\n<div class=\"edgtf-accordion-content\">\n\t<div class=\"edgtf-accordion-content-inner\">\n\t\t<p>One Laser tag game lasts 15 minutes and it will cost you 4\u20ac! For packages with prices, see the <a href=\"https:\/\/lasertagsplit.com\/en\/#prices\">link<\/a>.<\/p>\t<\/div>\n<\/div>\t\t<\/div>\n\t\t\t\t<\/div>\n\t\t\t\t<\/div>\n\t\t\t\t\t<\/div>\n\t\t<\/div>\n\t\t\t\t\t\t\t<\/div>\n\t\t<\/section>\n\t\t\t\t\t\t\t<\/div>","protected":false},"excerpt":{"rendered":"<p>\u0160to je laser tag? Laser tag je najsli\u010dniji paintballu i airsoftu, najve\u0107a razlika izme\u0111u Laser Taga i drugih sportova je u tome \u0161to je Laser Tag siguran i \u010dist. Nikada ne\u0107ete morati nositi sigurnosnu opremu jer igra\u010di ne pucaju obojane kuglice; Umjesto toga, Laser Tag koristi potpuno sigurne laserske zrake koje nikada nikome [&hellip;]<\/p>","protected":false},"author":1,"featured_media":0,"parent":0,"menu_order":0,"comment_status":"closed","ping_status":"closed","template":"full-width.php","meta":{"om_disable_all_campaigns":false,"_monsterinsights_skip_tracking":false,"_monsterinsights_sitenote_active":false,"_monsterinsights_sitenote_note":"","_monsterinsights_sitenote_category":0,"footnotes":""},"class_list":["post-4530","page","type-page","status-publish","hentry"],"_links":{"self":[{"href":"https:\/\/lasertagsplit.com\/en\/wp-json\/wp\/v2\/pages\/4530","targetHints":{"allow":["GET"]}}],"collection":[{"href":"https:\/\/lasertagsplit.com\/en\/wp-json\/wp\/v2\/pages"}],"about":[{"href":"https:\/\/lasertagsplit.com\/en\/wp-json\/wp\/v2\/types\/page"}],"author":[{"embeddable":true,"href":"https:\/\/lasertagsplit.com\/en\/wp-json\/wp\/v2\/users\/1"}],"replies":[{"embeddable":true,"href":"https:\/\/lasertagsplit.com\/en\/wp-json\/wp\/v2\/comments?post=4530"}],"version-history":[{"count":19,"href":"https:\/\/lasertagsplit.com\/en\/wp-json\/wp\/v2\/pages\/4530\/revisions"}],"predecessor-version":[{"id":6836,"href":"https:\/\/lasertagsplit.com\/en\/wp-json\/wp\/v2\/pages\/4530\/revisions\/6836"}],"wp:attachment":[{"href":"https:\/\/lasertagsplit.com\/en\/wp-json\/wp\/v2\/media?parent=4530"}],"curies":[{"name":"wp","href":"https:\/\/api.w.org\/{rel}","templated":true}]}}