{"id":1172,"date":"2018-06-08T08:45:59","date_gmt":"2018-06-08T07:45:59","guid":{"rendered":"http:\/\/playerx.edge-themes.com\/?page_id=1172"},"modified":"2022-04-12T11:28:12","modified_gmt":"2022-04-12T10:28:12","slug":"kontakt","status":"publish","type":"page","link":"https:\/\/lasertagsplit.com\/en\/kontakt\/","title":{"rendered":"CONTACT US"},"content":{"rendered":"<div data-elementor-type=\"wp-page\" data-elementor-id=\"1172\" class=\"elementor elementor-1172\">\n\t\t\t\t\t\t\t\t\t<section class=\"elementor-section elementor-top-section elementor-element elementor-element-380e6a4 elementor-section-full_width edgtf-elementor-row-grid-section elementor-section-height-default elementor-section-height-default edgtf-parallax-row-no edgtf-row-with-shadow-disabled edgtf-content-aligment-left\" data-id=\"380e6a4\" data-element_type=\"section\">\n\t\t\t\t\t\t<div class=\"elementor-container elementor-column-gap-default\">\n\t\t\t\t\t<div class=\"elementor-column elementor-col-50 elementor-top-column elementor-element elementor-element-b262d06\" data-id=\"b262d06\" data-element_type=\"column\">\n\t\t\t<div class=\"elementor-widget-wrap elementor-element-populated\">\n\t\t\t\t\t\t\t\t<div class=\"elementor-element elementor-element-f2ebe4c elementor-widget elementor-widget-edgtf_section_title\" data-id=\"f2ebe4c\" data-element_type=\"widget\" data-widget_type=\"edgtf_section_title.default\">\n\t\t\t\t<div class=\"elementor-widget-container\">\n\t\t\t<div class=\"edgtf-section-title-holder  edgtf-st-standard\" style=\"padding: 0 0px;text-align: left\">\n\t<div class=\"edgtf-st-inner\">\n\t\t\t\t\t<h4 class=\"edgtf-st-title\" >\n\t\t\t\tHAVE A QUESTION? SHOOT!<br \/>\t\t\t<\/h4>\n\t\t        \n            <div class=\"edgtf-st-separator\" style=\"margin-top: 2px\">\n\n            <svg version=\"1.1\" xmlns=\"http:\/\/www.w3.org\/2000\/svg\" xmlns:xlink=\"http:\/\/www.w3.org\/1999\/xlink\" x=\"0px\" y=\"0px\"\n\t width=\"124.985px\" height=\"3.411px\" viewbox=\"0 0 124.985 3.411\" enable-background=\"new 0 0 124.985 3.411\" xml:space=\"preserve\">\n<polygon fill=\"#FFFFFF\" points=\"0,0 124.985,0 124.985,1.121 96.484,1.121 86.944,3.411 38.67,3.411 29.162,1.121 0,1.121 \"\/>\n<\/svg>            <\/div>\n        \t\t\t\t\t<p class=\"edgtf-st-text\" style=\"margin-top: 27px\">\n\t\t\t\tWe are available for all your inquiries. Please fill out the contact form and we will get back to you as soon as possible.\t\t\t<\/p>\n\t\t\t<\/div>\n<\/div>\n\t\t<\/div>\n\t\t\t\t<\/div>\n\t\t\t\t<div class=\"elementor-element elementor-element-d3fc4c9 elementor-widget elementor-widget-html\" data-id=\"d3fc4c9\" data-element_type=\"widget\" data-widget_type=\"html.default\">\n\t\t\t\t<div class=\"elementor-widget-container\">\n\t\t\t<span style=\"display:inline-block;padding-right: 38px\"><h2 class=\"edgtf-custom-font-holder  edgtf-cf-6660\" style=\"font-family: Rubik;font-size: 13px;line-height: 26px;font-weight: 300;text-transform: lowercase;color: rgba(255,255,255,0.3)\" data-item-class=\"edgtf-cf-6660\">\n\tFollow us on social media:<\/h2><\/span>    <span class=\"edgtf-icon-shortcode edgtf-normal\" style=\"margin: 0 23px 0 0\" >\n                    <a itemprop=\"url\" class=\"\" href=\"https:\/\/web.facebook.com\/100075781055012\" target=\"_blank\">\n                    <i class=\"edgtf-icon-font-awesome fab fa-facebook-square edgtf-icon-element\" style=\"font-size:13px\" ><\/i>                    <\/a>\n            <\/span>\n    <span class=\"edgtf-icon-shortcode edgtf-normal\" style=\"margin: 0 23px 0 0\" >\n                    <a itemprop=\"url\" class=\"\" href=\"https:\/\/www.instagram.com\/lasertagsplit\/\" target=\"_blank\">\n                    <i class=\"edgtf-icon-font-awesome fab fa-instagram edgtf-icon-element\" style=\"font-size:13px\" ><\/i>                    <\/a>\n            <\/span>\n    <span class=\"edgtf-icon-shortcode edgtf-normal\"  >\n                    <a itemprop=\"url\" class=\"\" href=\"https:\/\/www.tiktok.com\/@lasertagsplit\" target=\"_blank\">\n                    <i class=\"edgtf-icon-font-awesome fab fa-twitch edgtf-icon-element\" style=\"font-size:13px\" ><\/i>                    <\/a>\n            <\/span>\n\t\t<\/div>\n\t\t\t\t<\/div>\n\t\t\t\t\t<\/div>\n\t\t<\/div>\n\t\t\t\t<div class=\"elementor-column elementor-col-50 elementor-top-column elementor-element elementor-element-777579f\" data-id=\"777579f\" data-element_type=\"column\">\n\t\t\t<div class=\"elementor-widget-wrap elementor-element-populated\">\n\t\t\t\t\t\t\t\t<div class=\"elementor-element elementor-element-32f15d5 elementor-widget elementor-widget-edgtf_cf7\" data-id=\"32f15d5\" data-element_type=\"widget\" data-widget_type=\"edgtf_cf7.default\">\n\t\t\t\t<div class=\"elementor-widget-container\">\n\t\t\t    <div role=\"form\" class=\"wpcf7\" id=\"wpcf7-f347-o1\" lang=\"en-US\" dir=\"ltr\">\n<div class=\"screen-reader-response\"><p role=\"status\" aria-live=\"polite\" aria-atomic=\"true\"><\/p> <ul><\/ul><\/div>\n<form action=\"\/en\/wp-json\/wp\/v2\/pages\/1172#wpcf7-f347-o1\" method=\"post\" class=\"wpcf7-form init\" novalidate=\"novalidate\" data-status=\"init\" data-trp-original-action=\"\/en\/wp-json\/wp\/v2\/pages\/1172#wpcf7-f347-o1\">\n<div style=\"display: none;\">\n<input type=\"hidden\" name=\"_wpcf7\" value=\"347\" \/>\n<input type=\"hidden\" name=\"_wpcf7_version\" value=\"5.5.4\" \/>\n<input type=\"hidden\" name=\"_wpcf7_locale\" value=\"en_US\" \/>\n<input type=\"hidden\" name=\"_wpcf7_unit_tag\" value=\"wpcf7-f347-o1\" \/>\n<input type=\"hidden\" name=\"_wpcf7_container_post\" value=\"0\" \/>\n<input type=\"hidden\" name=\"_wpcf7_posted_data_hash\" value=\"\" \/>\n<\/div>\n<div class=\"edgtf-custom-contact-form\">\n<div class=\"edgtf-grid-row\">\n<div class=\"edgtf-grid-col-12\">\n\t<span class=\"wpcf7-form-control-wrap your-name\"><input type=\"text\" name=\"your-name\" value=\"\" size=\"40\" class=\"wpcf7-form-control wpcf7-text wpcf7-validates-as-required\" aria-required=\"true\" aria-invalid=\"false\" placeholder=\"Name\" \/><\/span>\n<\/div>\n<div class=\"edgtf-grid-col-12\">\n\t<span class=\"wpcf7-form-control-wrap your-email\"><input type=\"email\" name=\"your-email\" value=\"\" size=\"40\" class=\"wpcf7-form-control wpcf7-text wpcf7-email wpcf7-validates-as-required wpcf7-validates-as-email\" aria-required=\"true\" aria-invalid=\"false\" placeholder=\"Your email address\" \/><\/span>\n<\/div>\n<div class=\"edgtf-grid-col-12\">\n\t<span class=\"wpcf7-form-control-wrap your-subject\"><input type=\"text\" name=\"your-subject\" value=\"\" size=\"40\" class=\"wpcf7-form-control wpcf7-text wpcf7-validates-as-required\" aria-required=\"true\" aria-invalid=\"false\" placeholder=\"Title\" \/><\/span>\n<\/div>\n<div class=\"edgtf-grid-col-12\">\n<span class=\"wpcf7-form-control-wrap your-message\"><textarea name=\"your-message\" cols=\"40\" rows=\"10\" class=\"wpcf7-form-control wpcf7-textarea\" aria-invalid=\"false\" placeholder=\"Message\"><\/textarea><\/span>\n<\/div>\n<p><input type=\"submit\" value=\"SEND\" class=\"wpcf7-form-control has-spinner wpcf7-submit\" \/>\n<\/p><\/div>\n<div class=\"wpcf7-response-output\" aria-hidden=\"true\"><\/div><input type=\"hidden\" name=\"trp-form-language\" value=\"en\"\/><\/form><\/div>\t\t<\/div>\n\t\t\t\t<\/div>\n\t\t\t\t\t<\/div>\n\t\t<\/div>\n\t\t\t\t\t\t\t<\/div>\n\t\t<\/section>\n\t\t\t\t<section class=\"elementor-section elementor-top-section elementor-element elementor-element-46c1003 elementor-section-full_width elementor-section-height-default elementor-section-height-default edgtf-parallax-row-no edgtf-row-with-shadow-disabled edgtf-content-aligment-left edgtf-elementor-row-grid-no\" data-id=\"46c1003\" data-element_type=\"section\">\n\t\t\t\t\t\t<div class=\"elementor-container elementor-column-gap-default\">\n\t\t\t\t\t<div class=\"elementor-column elementor-col-100 elementor-top-column elementor-element elementor-element-a508934\" data-id=\"a508934\" data-element_type=\"column\">\n\t\t\t<div class=\"elementor-widget-wrap elementor-element-populated\">\n\t\t\t\t\t\t\t\t<div class=\"elementor-element elementor-element-a4d4a48 elementor-widget elementor-widget-edgtf_google_map\" data-id=\"a4d4a48\" data-element_type=\"widget\" data-widget_type=\"edgtf_google_map.default\">\n\t\t\t\t<div class=\"elementor-widget-container\">\n\t\t\t<div class=\"edgtf-google-map-holder\">\n\t<div class=\"edgtf-google-map\" id=\"edgtf-map-1123391\" data-addresses='[\"240 Mineola Blvd Mineola, NY 11501\"]' data-custom-map-style= \"data-color-overlay=#393939\" data-saturation= \"data-lightness=\" data-zoom=\"11\" data-pin=\"https:\/\/lasertagsplit.com\/wp-content\/themes\/playerx\/assets\/img\/pin.png\" data-unique-id=\"1123391\" data-scroll-wheel=\"no\" data-height=\"700\" data-snazzy-map-style=\"yes\"><\/div>\n\t\t\t\t\t<input type=\"hidden\" class=\"edgtf-snazzy-map\" value=\"`{`{``featureType``: ``all``,``elementType``: ``labels``,``stylers``: `{`{``visibility``: ``on``}`}`},{``featureType``: ``all``,``elementType``: ``labels.text.fill``,``stylers``: `{`{``saturation``: 36},{``color``: ``#000000``},{``lightness``: 40}`}`},{``featureType``: ``all``,``elementType``: ``labels.text.stroke``,``stylers``: `{`{``visibility``: ``on``},{``color``: ``#000000``},{``lightness``: 16}`}`},{``featureType``: ``all``,``elementType``: ``labels.icon``,``stylers``: `{`{``visibility``: ``off``}`}`},{``featureType``: ``administrative``,``elementType``: ``geometry.fill``,``stylers``: `{`{``color``: ``#000000``},{``lightness``: 20}`}`},{``featureType``: ``administrative``,``elementType``: ``geometry.stroke``,``stylers``: `{`{``color``: ``#000000``},{``lightness``: 17},{``weight``: 1.2}`}`},{``featureType``: ``administrative.country``,``elementType``: ``geometry.stroke``,``stylers``: `{`{``lightness``: ``-100``},{``weight``: ``2``},{``invert_lightness``: true}`}`},{``featureType``: ``administrative.country``,``elementType``: ``labels.text``,``stylers``: `{`{``visibility``: ``on``},{``weight``: ``4``}`}`},{``featureType``: ``administrative.country``,``elementType``: ``labels.text.fill``,``stylers``: `{`{``lightness``: ``-100``}`}`},{``featureType``: ``administrative.country``,``elementType``: ``labels.text.stroke``,``stylers``: `{`{``lightness``: ``100``}`}`},{``featureType``: ``administrative.locality``,``elementType``: ``labels.text.fill``,``stylers``: `{`{``color``: ``#c4c4c4``}`}`},{``featureType``: ``administrative.neighborhood``,``elementType``: ``labels.text.fill``,``stylers``: `{`{``color``: ``#707070``}`}`},{``featureType``: ``landscape``,``elementType``: ``geometry``,``stylers``: `{`{``color``: ``#000000``},{``lightness``: 20}`}`},{``featureType``: ``poi``,``elementType``: ``geometry``,``stylers``: `{`{``color``: ``#000000``},{``lightness``: 21},{``visibility``: ``on``}`}`},{``featureType``: ``poi.business``,``elementType``: ``geometry``,``stylers``: `{`{``visibility``: ``on``}`}`},{``featureType``: ``road.highway``,``elementType``: ``geometry.fill``,``stylers``: `{`{``color``: ``#be2026``},{``lightness``: ``0``},{``visibility``: ``on``}`}`},{``featureType``: ``road.highway``,``elementType``: ``geometry.stroke``,``stylers``: `{`{``visibility``: ``off``}`}`},{``featureType``: ``road.highway``,``elementType``: ``labels.text.fill``,``stylers``: `{`{``visibility``: ``off``}`}`},{``featureType``: ``road.highway``,``elementType``: ``labels.text.stroke``,``stylers``: `{`{``visibility``: ``off``},{``hue``: ``#ff000a``}`}`},{``featureType``: ``road.arterial``,``elementType``: ``geometry``,``stylers``: `{`{``color``: ``#000000``},{``lightness``: 18}`}`},{``featureType``: ``road.arterial``,``elementType``: ``geometry.fill``,``stylers``: `{`{``color``: ``#575757``}`}`},{``featureType``: ``road.arterial``,``elementType``: ``labels.text.fill``,``stylers``: `{`{``color``: ``#ffffff``}`}`},{``featureType``: ``road.arterial``,``elementType``: ``labels.text.stroke``,``stylers``: `{`{``color``: ``#2c2c2c``}`}`},{``featureType``: ``road.local``,``elementType``: ``geometry``,``stylers``: `{`{``color``: ``#000000``},{``lightness``: 16}`}`},{``featureType``: ``road.local``,``elementType``: ``labels.text.fill``,``stylers``: `{`{``color``: ``#999999``}`}`},{``featureType``: ``road.local``,``elementType``: ``labels.text.stroke``,``stylers``: `{`{``saturation``: ``-52``}`}`},{``featureType``: ``transit``,``elementType``: ``geometry``,``stylers``: `{`{``color``: ``#000000``},{``lightness``: 19}`}`},{``featureType``: ``water``,``elementType``: ``geometry``,``stylers``: `{`{``color``: ``#000000``},{``lightness``: 17}`}`}`}`\" \/>\n\t\t\t\t<div class=\"edgtf-google-map-overlay\"><\/div>\n\t<\/div>\n\t\t<\/div>\n\t\t\t\t<\/div>\n\t\t\t\t\t<\/div>\n\t\t<\/div>\n\t\t\t\t\t\t\t<\/div>\n\t\t<\/section>\n\t\t\t\t\t\t\t<\/div>","protected":false},"excerpt":{"rendered":"<p>Imate pitanje? Pucajte! Za sve va\u0161e upite stojimo na raspolaganju. Molimo popunite kontakt formu a mi \u0107e mo vam se javiti u najkra\u0107em mogu\u0107em roku.<\/p>","protected":false},"author":1,"featured_media":0,"parent":0,"menu_order":0,"comment_status":"closed","ping_status":"closed","template":"full-width.php","meta":{"om_disable_all_campaigns":false,"_monsterinsights_skip_tracking":false,"_monsterinsights_sitenote_active":false,"_monsterinsights_sitenote_note":"","_monsterinsights_sitenote_category":0,"footnotes":""},"class_list":["post-1172","page","type-page","status-publish","hentry"],"_links":{"self":[{"href":"https:\/\/lasertagsplit.com\/en\/wp-json\/wp\/v2\/pages\/1172","targetHints":{"allow":["GET"]}}],"collection":[{"href":"https:\/\/lasertagsplit.com\/en\/wp-json\/wp\/v2\/pages"}],"about":[{"href":"https:\/\/lasertagsplit.com\/en\/wp-json\/wp\/v2\/types\/page"}],"author":[{"embeddable":true,"href":"https:\/\/lasertagsplit.com\/en\/wp-json\/wp\/v2\/users\/1"}],"replies":[{"embeddable":true,"href":"https:\/\/lasertagsplit.com\/en\/wp-json\/wp\/v2\/comments?post=1172"}],"version-history":[{"count":7,"href":"https:\/\/lasertagsplit.com\/en\/wp-json\/wp\/v2\/pages\/1172\/revisions"}],"predecessor-version":[{"id":6457,"href":"https:\/\/lasertagsplit.com\/en\/wp-json\/wp\/v2\/pages\/1172\/revisions\/6457"}],"wp:attachment":[{"href":"https:\/\/lasertagsplit.com\/en\/wp-json\/wp\/v2\/media?parent=1172"}],"curies":[{"name":"wp","href":"https:\/\/api.w.org\/{rel}","templated":true}]}}